{"id":1429,"date":"2023-10-27T10:14:49","date_gmt":"2023-10-27T14:14:49","guid":{"rendered":"https:\/\/finedental.wpenginepowered.com\/?page_id=1429"},"modified":"2024-09-10T13:06:28","modified_gmt":"2024-09-10T17:06:28","slug":"anthony-brady-dmd","status":"publish","type":"page","link":"https:\/\/www.minidentalimplantswaynenj.com\/es\/acerca-de-nosotros\/anthony-brady-dmd\/","title":{"rendered":"Anthony Brady, DMD"},"content":{"rendered":"<div class=\"row\"  id=\"row-584170082\">\n\n\t<div id=\"col-443459925\" class=\"col medium-8 small-12 large-8\"  >\n\t\t\t\t<div class=\"col-inner\"  >\n\t\t\t\n\t\t\t\n<div id=\"text-2871205653\" class=\"text\">\n<h1><span style=\"font-size: 110%;\">Anthony Brady, DMD<\/span><\/h1>\n<hr \/>\n<\/div>\n<p><img loading=\"lazy\" decoding=\"async\" class=\"size-medium wp-image-1980 alignleft\" src=\"https:\/\/www.minidentalimplantswaynenj.com\/wp-content\/uploads\/2023\/11\/Dr-Brady-4x6-1-267x400.jpg\" alt=\"\" width=\"267\" height=\"400\" srcset=\"https:\/\/www.minidentalimplantswaynenj.com\/wp-content\/uploads\/2023\/11\/Dr-Brady-4x6-1-267x400.jpg 267w, https:\/\/www.minidentalimplantswaynenj.com\/wp-content\/uploads\/2023\/11\/Dr-Brady-4x6-1-8x12.jpg 8w, https:\/\/www.minidentalimplantswaynenj.com\/wp-content\/uploads\/2023\/11\/Dr-Brady-4x6-1.jpg 400w\" sizes=\"auto, (max-width: 267px) 100vw, 267px\" \/>El Dr. Anthony Brady creci\u00f3 en Wayne, Nueva Jersey, donde ha pasado la mayor parte de su vida. Al igual que el Dr. Fine, el Dr. Brady asisti\u00f3 a Lafayette Elementary School, Anthony Wayne Middle School y Wayne Valley High School.<\/p>\n<p>El Dr. Brady termin\u00f3 su licenciatura summa cum laude en la Universidad Villanova de Pensilvania.<\/p>\n<p>Posteriormente, obtuvo el t\u00edtulo de Doctor en Odontolog\u00eda por la Facultad de Odontolog\u00eda de la Universidad de Pensilvania.<\/p>\n<p>A continuaci\u00f3n, complet\u00f3 una rigurosa residencia de posgrado en Medicina General en el Morristown Medical Center, donde recibi\u00f3 formaci\u00f3n avanzada en todos los aspectos de la odontolog\u00eda en un centro de traumatolog\u00eda de nivel 1.<\/p>\n<p>El Dr. Brady tambi\u00e9n es miembro de prestigiosas organizaciones profesionales como la Asociaci\u00f3n Dental de Nueva Jersey, la Asociaci\u00f3n Dental Americana y la Academia de Odontolog\u00eda General.<\/p>\n<p>Durante las horas de ocio, el Dr. Brady disfruta dedicando su tiempo a su familia y al trabajo voluntario. En el pasado, ha sido voluntario para las Olimpiadas Especiales para el Villanova Fall Fest y ha realizado servicio comunitario para educar a los ni\u00f1os sobre la higiene oral durante su tiempo en la escuela de odontolog\u00eda.<\/p>\n\t\t<\/div>\n\t\t\t\t\t<\/div>\n\n\t\n\n\t<div id=\"col-2111429164\" class=\"col medium-4 small-12 large-4\"  >\n\t\t\t\t<div class=\"col-inner\"  >\n\t\t\t\n\t\t\t\n<ul class=\"sidebar-wrapper ul-reset\"><li id=\"text-16\" class=\"widget widget_text\">\t\t\t<div class=\"textwidget\"><p><a href=\"https:\/\/www.minidentalimplantswaynenj.com\/es\/videos\/\"><img loading=\"lazy\" decoding=\"async\" class=\"alignnone size-full wp-image-2185\" src=\"https:\/\/www.minidentalimplantswaynenj.com\/wp-content\/uploads\/2023\/11\/video-library-MDICA.png\" alt=\"\" width=\"600\" height=\"172\" srcset=\"https:\/\/www.minidentalimplantswaynenj.com\/wp-content\/uploads\/2023\/11\/video-library-MDICA.png 600w, https:\/\/www.minidentalimplantswaynenj.com\/wp-content\/uploads\/2023\/11\/video-library-MDICA-18x5.png 18w\" sizes=\"auto, (max-width: 600px) 100vw, 600px\" \/><\/a><\/p>\n<\/div>\n\t\t<\/li>\n<li id=\"text-14\" class=\"widget widget_text\">\t\t\t<div class=\"textwidget\"><div class=\"wpcf7 no-js\" id=\"wpcf7-f9-o1\" lang=\"en-US\" dir=\"ltr\" data-wpcf7-id=\"9\">\n<div class=\"screen-reader-response\">\n<p role=\"status\" aria-live=\"polite\" aria-atomic=\"true\">\n<ul><\/ul>\n<\/div>\n<form action=\"\/es\/wp-json\/wp\/v2\/pages\/1429#wpcf7-f9-o1\" method=\"post\" class=\"wpcf7-form init cf7mls-no-scroll cf7mls-no-moving-animation\" aria-label=\"Formulario de contacto\" novalidate=\"novalidate\" data-status=\"init\" data-trp-original-action=\"\/es\/wp-json\/wp\/v2\/pages\/1429#wpcf7-f9-o1\">\n<fieldset class=\"hidden-fields-container\"><input type=\"hidden\" name=\"_wpcf7\" value=\"9\" \/><input type=\"hidden\" name=\"_wpcf7_version\" value=\"6.1.5\" \/><input type=\"hidden\" name=\"_wpcf7_locale\" value=\"en_US\" \/><input type=\"hidden\" name=\"_wpcf7_unit_tag\" value=\"wpcf7-f9-o1\" \/><input type=\"hidden\" name=\"_wpcf7_container_post\" value=\"0\" \/><input type=\"hidden\" name=\"_wpcf7_posted_data_hash\" value=\"\" \/><input type=\"hidden\" name=\"_wpcf7cf_hidden_group_fields\" value=\"[]\" \/><input type=\"hidden\" name=\"_wpcf7cf_hidden_groups\" value=\"[]\" \/><input type=\"hidden\" name=\"_wpcf7cf_visible_groups\" value=\"[]\" \/><input type=\"hidden\" name=\"_wpcf7cf_repeaters\" value=\"[]\" \/><input type=\"hidden\" name=\"_wpcf7cf_steps\" value=\"{}\" \/><input type=\"hidden\" name=\"_wpcf7cf_options\" value=\"{&quot;form_id&quot;:9,&quot;conditions&quot;:[],&quot;settings&quot;:{&quot;animation&quot;:&quot;yes&quot;,&quot;animation_intime&quot;:200,&quot;animation_outtime&quot;:200,&quot;conditions_ui&quot;:&quot;normal&quot;,&quot;notice_dismissed&quot;:false,&quot;notice_dismissed_rollback-cf7-5.8.3&quot;:true,&quot;notice_dismissed_rollback-cf7-5.8.7&quot;:true}}\" \/><br \/>\n<\/fieldset>\n<p><center><\/p>\n<h3>CONSULTA GRATUITA<br \/>\n\t<\/h3>\n<p><\/center><\/p>\n<hr \/>\n<p><center><\/p>\n<p><span class=\"wpcf7-form-control-wrap\" data-name=\"your-name\"><input size=\"40\" maxlength=\"400\" class=\"wpcf7-form-control wpcf7-text wpcf7-validates-as-required\" aria-required=\"true\" aria-invalid=\"false\" placeholder=\"Nombre\" value=\"\" type=\"text\" name=\"your-name\" \/><\/span>\n\t<\/p>\n<p><span class=\"wpcf7-form-control-wrap\" data-name=\"your-email\"><input size=\"40\" maxlength=\"400\" class=\"wpcf7-form-control wpcf7-email wpcf7-validates-as-required wpcf7-text wpcf7-validates-as-email\" aria-required=\"true\" aria-invalid=\"false\" placeholder=\"Correo electr\u00f3nico\" value=\"\" type=\"email\" name=\"your-email\" \/><\/span>\n\t<\/p>\n<p><span class=\"wpcf7-form-control-wrap\" data-name=\"tel-545\"><input size=\"40\" maxlength=\"400\" class=\"wpcf7-form-control wpcf7-tel wpcf7-text wpcf7-validates-as-tel\" aria-invalid=\"false\" placeholder=\"N\u00famero de tel\u00e9fono\" value=\"\" type=\"tel\" name=\"tel-545\" \/><\/span>\n\t<\/p>\n<p><span class=\"wpcf7-form-control-wrap\" data-name=\"your-message\"><textarea cols=\"40\" rows=\"10\" maxlength=\"2000\" class=\"wpcf7-form-control wpcf7-textarea\" aria-invalid=\"false\" placeholder=\"\u00bfC\u00f3mo podemos ayudarle?\" name=\"your-message\"><\/textarea><\/span>\n\t<\/p>\n<p><input class=\"wpcf7-form-control wpcf7-submit has-spinner button\" type=\"submit\" value=\"Enviar solicitud\" \/>\n\t<\/p>\n<p><\/center><input\n                    class=\"apbct_special_field apbct_email_id__wp_contact_form_7\"\n                    name=\"apbct__email_id__wp_contact_form_7\"\n                    aria-label=\"apbct__label_id__wp_contact_form_7\"\n                    type=\"text\" size=\"30\" maxlength=\"200\" autocomplete=\"off\"\n                    value=\"\"\n                \/><\/p>\n<div class=\"wpcf7-response-output\" aria-hidden=\"true\"><\/div>\n<input type=\"hidden\" name=\"trp-form-language\" value=\"es\"\/><\/form>\n<\/div>\n<\/div>\n\t\t<\/li><\/ul>\n\t\t<\/div>\n\t\t\t\t\t<\/div>\n\n\t\n<\/div>\n<div class=\"row align-middle align-center\"  id=\"row-791643619\">\n\n\t<div id=\"col-1131038504\" class=\"col small-12 large-12\"  >\n\t\t\t\t<div class=\"col-inner\"  >\n\t\t\t\n\t\t\t\n<div class=\"container section-title-container\" ><h2 class=\"section-title section-title-bold-center\"><b><\/b><span class=\"section-title-main\" style=\"font-size:120%;\">Asociaciones profesionales<\/span><b><\/b><\/h2><\/div>\n\t\t<\/div>\n\t\t\t\t\t<\/div>\n\n\t\n\n\t<div id=\"col-128109315\" class=\"col medium-3 small-6 large-3\"  >\n\t\t\t\t<div class=\"col-inner\"  >\n\t\t\t\n\t\t\t\n\t<div class=\"img has-hover x md-x lg-x y md-y lg-y\" id=\"image_474246259\">\n\t\t\t\t\t\t\t\t<div class=\"img-inner dark\" >\n\t\t\t<img loading=\"lazy\" decoding=\"async\" width=\"450\" height=\"179\" src=\"https:\/\/www.minidentalimplantswaynenj.com\/wp-content\/uploads\/2023\/10\/ADA-logo.png\" class=\"attachment-original size-original\" alt=\"\" srcset=\"https:\/\/www.minidentalimplantswaynenj.com\/wp-content\/uploads\/2023\/10\/ADA-logo.png 450w, https:\/\/www.minidentalimplantswaynenj.com\/wp-content\/uploads\/2023\/10\/ADA-logo-18x7.png 18w\" sizes=\"auto, (max-width: 450px) 100vw, 450px\" \/>\t\t\t\t\t\t\n\t\t\t\t\t<\/div>\n\t\t\t\t\t\t\t\t\n<style>\n#image_474246259 {\n  width: 100%;\n}\n<\/style>\n\t<\/div>\n\t\n\t\t<\/div>\n\t\t\t\t\t<\/div>\n\n\t\n\n\t<div id=\"col-1480766389\" class=\"col medium-3 small-6 large-3\"  >\n\t\t\t\t<div class=\"col-inner\"  >\n\t\t\t\n\t\t\t\n\t<div class=\"img has-hover x md-x lg-x y md-y lg-y\" id=\"image_729704888\">\n\t\t\t\t\t\t\t\t<div class=\"img-inner dark\" >\n\t\t\t<img loading=\"lazy\" decoding=\"async\" width=\"430\" height=\"100\" src=\"https:\/\/www.minidentalimplantswaynenj.com\/wp-content\/uploads\/2023\/10\/Fellow-of-the-Academy-of-General-Dentistry.jpg\" class=\"attachment-original size-original\" alt=\"\" srcset=\"https:\/\/www.minidentalimplantswaynenj.com\/wp-content\/uploads\/2023\/10\/Fellow-of-the-Academy-of-General-Dentistry.jpg 430w, https:\/\/www.minidentalimplantswaynenj.com\/wp-content\/uploads\/2023\/10\/Fellow-of-the-Academy-of-General-Dentistry-18x4.jpg 18w\" sizes=\"auto, (max-width: 430px) 100vw, 430px\" \/>\t\t\t\t\t\t\n\t\t\t\t\t<\/div>\n\t\t\t\t\t\t\t\t\n<style>\n#image_729704888 {\n  width: 100%;\n}\n<\/style>\n\t<\/div>\n\t\n\t\t<\/div>\n\t\t\t\t\t<\/div>\n\n\t\n\n\t<div id=\"col-390078932\" class=\"col medium-3 small-6 large-3\"  >\n\t\t\t\t<div class=\"col-inner\"  >\n\t\t\t\n\t\t\t\n\t<div class=\"img has-hover x md-x lg-x y md-y lg-y\" id=\"image_477677245\">\n\t\t\t\t\t\t\t\t<div class=\"img-inner dark\" >\n\t\t\t<img loading=\"lazy\" decoding=\"async\" width=\"517\" height=\"71\" src=\"https:\/\/www.minidentalimplantswaynenj.com\/wp-content\/uploads\/2023\/11\/njda-ada_logo.png\" class=\"attachment-original size-original\" alt=\"\" srcset=\"https:\/\/www.minidentalimplantswaynenj.com\/wp-content\/uploads\/2023\/11\/njda-ada_logo.png 517w, https:\/\/www.minidentalimplantswaynenj.com\/wp-content\/uploads\/2023\/11\/njda-ada_logo-18x2.png 18w\" sizes=\"auto, (max-width: 517px) 100vw, 517px\" \/>\t\t\t\t\t\t\n\t\t\t\t\t<\/div>\n\t\t\t\t\t\t\t\t\n<style>\n#image_477677245 {\n  width: 100%;\n}\n<\/style>\n\t<\/div>\n\t\n\t\t<\/div>\n\t\t\t\t\t<\/div>\n\n\t\n<\/div>","protected":false},"excerpt":{"rendered":"","protected":false},"author":4,"featured_media":1981,"parent":13,"menu_order":0,"comment_status":"closed","ping_status":"closed","template":"","meta":{"rop_custom_images_group":[],"rop_custom_messages_group":[],"rop_publish_now":"initial","rop_publish_now_accounts":{"gmb_109265489736877664202_accounts\/109265489736877664202\/locations\/9174194691047100879":"","twitter_1747339366526070784_1747339366526070784":""},"rop_publish_now_history":[],"rop_publish_now_status":"pending","footnotes":""},"class_list":["post-1429","page","type-page","status-publish","has-post-thumbnail","hentry"],"yoast_head":"<!-- This site is optimized with the Yoast SEO plugin v27.3 - https:\/\/yoast.com\/product\/yoast-seo-wordpress\/ -->\n<title>Anthony Brady, DMD | Mini Dental Implant Centers of America in Wayne, NJ<\/title>\n<meta name=\"description\" content=\"Meet Dr. Anthony Brady, an experienced New Jersey dentist at The Mini Dental Implant Centers of America in Wayne, NJ.\" \/>\n<meta name=\"robots\" content=\"index, follow, max-snippet:-1, max-image-preview:large, max-video-preview:-1\" \/>\n<link rel=\"canonical\" href=\"https:\/\/www.minidentalimplantswaynenj.com\/es\/acerca-de-nosotros\/anthony-brady-dmd\/\" \/>\n<meta property=\"og:locale\" content=\"es_ES\" \/>\n<meta property=\"og:type\" content=\"article\" \/>\n<meta property=\"og:title\" content=\"Anthony Brady, DMD | Mini Dental Implant Centers of America in Wayne, NJ\" \/>\n<meta property=\"og:description\" content=\"Meet Dr. Anthony Brady, an experienced New Jersey dentist at The Mini Dental Implant Centers of America in Wayne, NJ.\" \/>\n<meta property=\"og:url\" content=\"https:\/\/www.minidentalimplantswaynenj.com\/es\/acerca-de-nosotros\/anthony-brady-dmd\/\" \/>\n<meta property=\"og:site_name\" content=\"Mini Dental Implant Centers of America - Wayne, NJ\" \/>\n<meta property=\"article:modified_time\" content=\"2024-09-10T17:06:28+00:00\" \/>\n<meta property=\"og:image\" content=\"https:\/\/www.minidentalimplantswaynenj.com\/wp-content\/uploads\/2023\/11\/Dr-Brady-6x4-1.jpg\" \/>\n\t<meta property=\"og:image:width\" content=\"600\" \/>\n\t<meta property=\"og:image:height\" content=\"400\" \/>\n\t<meta property=\"og:image:type\" content=\"image\/jpeg\" \/>\n<meta name=\"twitter:card\" content=\"summary_large_image\" \/>\n<meta name=\"twitter:label1\" content=\"Tiempo de lectura\" \/>\n\t<meta name=\"twitter:data1\" content=\"2 minutos\" \/>\n<script type=\"application\/ld+json\" class=\"yoast-schema-graph\">{\"@context\":\"https:\\\/\\\/schema.org\",\"@graph\":[{\"@type\":\"WebPage\",\"@id\":\"https:\\\/\\\/www.minidentalimplantswaynenj.com\\\/about-us\\\/anthony-brady-dmd\\\/\",\"url\":\"https:\\\/\\\/www.minidentalimplantswaynenj.com\\\/about-us\\\/anthony-brady-dmd\\\/\",\"name\":\"Anthony Brady, DMD | Mini Dental Implant Centers of America in Wayne, NJ\",\"isPartOf\":{\"@id\":\"\\\/#website\"},\"primaryImageOfPage\":{\"@id\":\"https:\\\/\\\/www.minidentalimplantswaynenj.com\\\/about-us\\\/anthony-brady-dmd\\\/#primaryimage\"},\"image\":{\"@id\":\"https:\\\/\\\/www.minidentalimplantswaynenj.com\\\/about-us\\\/anthony-brady-dmd\\\/#primaryimage\"},\"thumbnailUrl\":\"https:\\\/\\\/www.minidentalimplantswaynenj.com\\\/wp-content\\\/uploads\\\/2023\\\/11\\\/Dr-Brady-6x4-1.jpg\",\"datePublished\":\"2023-10-27T14:14:49+00:00\",\"dateModified\":\"2024-09-10T17:06:28+00:00\",\"description\":\"Meet Dr. Anthony Brady, an experienced New Jersey dentist at The Mini Dental Implant Centers of America in Wayne, NJ.\",\"breadcrumb\":{\"@id\":\"https:\\\/\\\/www.minidentalimplantswaynenj.com\\\/about-us\\\/anthony-brady-dmd\\\/#breadcrumb\"},\"inLanguage\":\"es\",\"potentialAction\":[{\"@type\":\"ReadAction\",\"target\":[\"https:\\\/\\\/www.minidentalimplantswaynenj.com\\\/about-us\\\/anthony-brady-dmd\\\/\"]}]},{\"@type\":\"ImageObject\",\"inLanguage\":\"es\",\"@id\":\"https:\\\/\\\/www.minidentalimplantswaynenj.com\\\/about-us\\\/anthony-brady-dmd\\\/#primaryimage\",\"url\":\"https:\\\/\\\/www.minidentalimplantswaynenj.com\\\/wp-content\\\/uploads\\\/2023\\\/11\\\/Dr-Brady-6x4-1.jpg\",\"contentUrl\":\"https:\\\/\\\/www.minidentalimplantswaynenj.com\\\/wp-content\\\/uploads\\\/2023\\\/11\\\/Dr-Brady-6x4-1.jpg\",\"width\":600,\"height\":400},{\"@type\":\"BreadcrumbList\",\"@id\":\"https:\\\/\\\/www.minidentalimplantswaynenj.com\\\/about-us\\\/anthony-brady-dmd\\\/#breadcrumb\",\"itemListElement\":[{\"@type\":\"ListItem\",\"position\":1,\"name\":\"Home\",\"item\":\"https:\\\/\\\/www.minidentalimplantswaynenj.com\\\/\"},{\"@type\":\"ListItem\",\"position\":2,\"name\":\"About Us\",\"item\":\"https:\\\/\\\/www.minidentalimplantswaynenj.com\\\/about-us\\\/\"},{\"@type\":\"ListItem\",\"position\":3,\"name\":\"Anthony Brady, DMD\"}]},{\"@type\":\"WebSite\",\"@id\":\"\\\/#website\",\"url\":\"\\\/\",\"name\":\"Mini Dental Implant Centers of America - Wayne, NJ\",\"description\":\"Dental Implants in New Jersey\",\"publisher\":{\"@id\":\"\\\/#organization\"},\"potentialAction\":[{\"@type\":\"SearchAction\",\"target\":{\"@type\":\"EntryPoint\",\"urlTemplate\":\"\\\/?s={search_term_string}\"},\"query-input\":{\"@type\":\"PropertyValueSpecification\",\"valueRequired\":true,\"valueName\":\"search_term_string\"}}],\"inLanguage\":\"es\"},{\"@type\":\"Organization\",\"@id\":\"\\\/#organization\",\"name\":\"Mini Dental Implant Centers of America - Wayne, NJ\",\"url\":\"\\\/\",\"logo\":{\"@type\":\"ImageObject\",\"inLanguage\":\"es\",\"@id\":\"\\\/#\\\/schema\\\/logo\\\/image\\\/\",\"url\":\"https:\\\/\\\/www.minidentalimplantswaynenj.com\\\/wp-content\\\/uploads\\\/2023\\\/10\\\/Dr-Fine_YouTube-Thumbnail-e1698438383110.jpg\",\"contentUrl\":\"https:\\\/\\\/www.minidentalimplantswaynenj.com\\\/wp-content\\\/uploads\\\/2023\\\/10\\\/Dr-Fine_YouTube-Thumbnail-e1698438383110.jpg\",\"width\":500,\"height\":281,\"caption\":\"Mini Dental Implant Centers of America - Wayne, NJ\"},\"image\":{\"@id\":\"\\\/#\\\/schema\\\/logo\\\/image\\\/\"}}]}<\/script>\n<!-- \/ Yoast SEO plugin. -->","yoast_head_json":{"title":"Anthony Brady, DMD | Mini Dental Implant Centers of America en Wayne, NJ","description":"Conozca al Dr. Anthony Brady, un experimentado dentista de Nueva Jersey en The Mini Dental Implant Centers of America en Wayne, NJ.","robots":{"index":"index","follow":"follow","max-snippet":"max-snippet:-1","max-image-preview":"max-image-preview:large","max-video-preview":"max-video-preview:-1"},"canonical":"https:\/\/www.minidentalimplantswaynenj.com\/es\/acerca-de-nosotros\/anthony-brady-dmd\/","og_locale":"es_ES","og_type":"article","og_title":"Anthony Brady, DMD | Mini Dental Implant Centers of America in Wayne, NJ","og_description":"Meet Dr. Anthony Brady, an experienced New Jersey dentist at The Mini Dental Implant Centers of America in Wayne, NJ.","og_url":"https:\/\/www.minidentalimplantswaynenj.com\/es\/acerca-de-nosotros\/anthony-brady-dmd\/","og_site_name":"Mini Dental Implant Centers of America - Wayne, NJ","article_modified_time":"2024-09-10T17:06:28+00:00","og_image":[{"width":600,"height":400,"url":"https:\/\/www.minidentalimplantswaynenj.com\/wp-content\/uploads\/2023\/11\/Dr-Brady-6x4-1.jpg","type":"image\/jpeg"}],"twitter_card":"summary_large_image","twitter_misc":{"Tiempo de lectura":"2 minutos"},"schema":{"@context":"https:\/\/schema.org","@graph":[{"@type":"WebPage","@id":"https:\/\/www.minidentalimplantswaynenj.com\/about-us\/anthony-brady-dmd\/","url":"https:\/\/www.minidentalimplantswaynenj.com\/about-us\/anthony-brady-dmd\/","name":"Anthony Brady, DMD | Mini Dental Implant Centers of America en Wayne, NJ","isPartOf":{"@id":"\/#website"},"primaryImageOfPage":{"@id":"https:\/\/www.minidentalimplantswaynenj.com\/about-us\/anthony-brady-dmd\/#primaryimage"},"image":{"@id":"https:\/\/www.minidentalimplantswaynenj.com\/about-us\/anthony-brady-dmd\/#primaryimage"},"thumbnailUrl":"https:\/\/www.minidentalimplantswaynenj.com\/wp-content\/uploads\/2023\/11\/Dr-Brady-6x4-1.jpg","datePublished":"2023-10-27T14:14:49+00:00","dateModified":"2024-09-10T17:06:28+00:00","description":"Conozca al Dr. Anthony Brady, un experimentado dentista de Nueva Jersey en The Mini Dental Implant Centers of America en Wayne, NJ.","breadcrumb":{"@id":"https:\/\/www.minidentalimplantswaynenj.com\/about-us\/anthony-brady-dmd\/#breadcrumb"},"inLanguage":"es","potentialAction":[{"@type":"ReadAction","target":["https:\/\/www.minidentalimplantswaynenj.com\/about-us\/anthony-brady-dmd\/"]}]},{"@type":"ImageObject","inLanguage":"es","@id":"https:\/\/www.minidentalimplantswaynenj.com\/about-us\/anthony-brady-dmd\/#primaryimage","url":"https:\/\/www.minidentalimplantswaynenj.com\/wp-content\/uploads\/2023\/11\/Dr-Brady-6x4-1.jpg","contentUrl":"https:\/\/www.minidentalimplantswaynenj.com\/wp-content\/uploads\/2023\/11\/Dr-Brady-6x4-1.jpg","width":600,"height":400},{"@type":"BreadcrumbList","@id":"https:\/\/www.minidentalimplantswaynenj.com\/about-us\/anthony-brady-dmd\/#breadcrumb","itemListElement":[{"@type":"ListItem","position":1,"name":"Home","item":"https:\/\/www.minidentalimplantswaynenj.com\/"},{"@type":"ListItem","position":2,"name":"About Us","item":"https:\/\/www.minidentalimplantswaynenj.com\/about-us\/"},{"@type":"ListItem","position":3,"name":"Anthony Brady, DMD"}]},{"@type":"WebSite","@id":"\/#website","url":"\/","name":"Mini Dental Implant Centers of America - Wayne, NJ","description":"Implantes dentales en Nueva Jersey","publisher":{"@id":"\/#organization"},"potentialAction":[{"@type":"SearchAction","target":{"@type":"EntryPoint","urlTemplate":"\/?s={search_term_string}"},"query-input":{"@type":"PropertyValueSpecification","valueRequired":true,"valueName":"search_term_string"}}],"inLanguage":"es"},{"@type":"Organization","@id":"\/#organization","name":"Mini Dental Implant Centers of America - Wayne, NJ","url":"\/","logo":{"@type":"ImageObject","inLanguage":"es","@id":"\/#\/schema\/logo\/image\/","url":"https:\/\/www.minidentalimplantswaynenj.com\/wp-content\/uploads\/2023\/10\/Dr-Fine_YouTube-Thumbnail-e1698438383110.jpg","contentUrl":"https:\/\/www.minidentalimplantswaynenj.com\/wp-content\/uploads\/2023\/10\/Dr-Fine_YouTube-Thumbnail-e1698438383110.jpg","width":500,"height":281,"caption":"Mini Dental Implant Centers of America - Wayne, NJ"},"image":{"@id":"\/#\/schema\/logo\/image\/"}}]}},"_links":{"self":[{"href":"https:\/\/www.minidentalimplantswaynenj.com\/es\/wp-json\/wp\/v2\/pages\/1429","targetHints":{"allow":["GET"]}}],"collection":[{"href":"https:\/\/www.minidentalimplantswaynenj.com\/es\/wp-json\/wp\/v2\/pages"}],"about":[{"href":"https:\/\/www.minidentalimplantswaynenj.com\/es\/wp-json\/wp\/v2\/types\/page"}],"author":[{"embeddable":true,"href":"https:\/\/www.minidentalimplantswaynenj.com\/es\/wp-json\/wp\/v2\/users\/4"}],"replies":[{"embeddable":true,"href":"https:\/\/www.minidentalimplantswaynenj.com\/es\/wp-json\/wp\/v2\/comments?post=1429"}],"version-history":[{"count":0,"href":"https:\/\/www.minidentalimplantswaynenj.com\/es\/wp-json\/wp\/v2\/pages\/1429\/revisions"}],"up":[{"embeddable":true,"href":"https:\/\/www.minidentalimplantswaynenj.com\/es\/wp-json\/wp\/v2\/pages\/13"}],"wp:featuredmedia":[{"embeddable":true,"href":"https:\/\/www.minidentalimplantswaynenj.com\/es\/wp-json\/wp\/v2\/media\/1981"}],"wp:attachment":[{"href":"https:\/\/www.minidentalimplantswaynenj.com\/es\/wp-json\/wp\/v2\/media?parent=1429"}],"curies":[{"name":"wp","href":"https:\/\/api.w.org\/{rel}","templated":true}]}}